{"id":22,"date":"2021-05-17T10:57:52","date_gmt":"2021-05-17T08:57:52","guid":{"rendered":"https:\/\/gawos.pl\/autoinstalator\/wordpress\/?page_id=22"},"modified":"2024-11-25T15:28:02","modified_gmt":"2024-11-25T14:28:02","slug":"kontakt","status":"publish","type":"page","link":"https:\/\/gawos.pl\/?page_id=22","title":{"rendered":"Kontakt"},"content":{"rendered":"<div class=\"vce-row-container\" data-vce-boxed-width=\"true\"><div class=\"vce-row vce-row--col-gap-30 vce-row-equal-height vce-row-content--top\" id=\"el-5d11972c\" data-vce-do-apply=\"all el-5d11972c\"><div class=\"vce-row-content\" data-vce-element-content=\"true\"><div class=\"vce-col vce-col--md-auto vce-col--xs-1 vce-col--xs-last vce-col--xs-first vce-col--sm-last vce-col--sm-first vce-col--md-last vce-col--lg-last vce-col--xl-last vce-col--md-first vce-col--lg-first vce-col--xl-first\" id=\"el-2b12e5b4\"><div class=\"vce-col-inner\" data-vce-do-apply=\"border margin background  el-2b12e5b4\"><div class=\"vce-col-content\" data-vce-element-content=\"true\" data-vce-do-apply=\"padding el-2b12e5b4\"><div class=\"vce-text-block\"><div class=\"vce-text-block-wrapper vce\" id=\"el-ed036781\" data-vce-do-apply=\"all el-ed036781\"><h2>Skontaktuj si\u0119 z nami<\/h2><p><strong>Nazwa i adres<\/strong><\/p><p>GAWOS Szkolenia i Doradztwo Sp. z o.o.<br>ul. Karoliny 4<br>40-186 Katowice<\/p><p><strong>Dane rejestrowe<\/strong><\/p><p>NIP: 9542711334<br>REGON: 241753307<br>KRS: 0000368300<\/p><p><strong>Osoby do kontaktu<\/strong><\/p><p>Maria Wojtas - Prezes Zarz\u0105du<br>tel. 32 203 08 28 wew. 220<\/p><p>Andrzej Sk\u00f3rka - Dyrektor ds. szkole\u0144<br>tel. 519 023 937, email: szkolenia@gawos.pl<\/p><p>Sylwia Cisowska - Dzia\u0142 Administracji<br>tel. 660 534 669\u202c, email: administracja@gawos.pl<\/p><p><strong>Mapa dojazdu<\/strong><\/p><\/div><\/div><div class=\"vce-shortcode\"><div class=\"vce-shortcode-wrapper vce\" id=\"el-de0d165d\" data-vce-do-apply=\"all el-de0d165d\"><iframe src=\"https:\/\/www.google.com\/maps\/embed?pb=!1m18!1m12!1m3!1d2550.129958445875!2d19.038645016251387!3d50.27083200817129!2m3!1f0!2f0!3f0!3m2!1i1024!2i768!4f13.1!3m3!1m2!1s0x4716ce2b222eb7af%3A0xbdbee3a0501cb6cc!2sCentrum%20Edukacji%20GAWOS%20Sp.%20z%20o.o.!5e0!3m2!1spl!2spl!4v1621244817271!5m2!1spl!2spl\" width=\"600\" height=\"450\" style=\"border:0;\" allowfullscreen=\"\" loading=\"lazy\"><\/iframe><\/div><\/div><\/div><\/div><\/div><\/div><\/div><\/div>\n","protected":false},"excerpt":{"rendered":"<p>Skontaktuj si\u0119 z namiNazwa i adresGAWOS Szkolenia i Doradztwo Sp. z o.o.ul. Karoliny 440-186 KatowiceDane rejestroweNIP: 9542711334REGON: 241753307KRS: 0000368300Osoby do kontaktuMaria Wojtas &#8211; Prezes Zarz\u0105dutel. 32 203 08 28 wew. 220Andrzej Sk\u00f3rka &#8211; Dyrektor ds. szkole\u0144tel. 519 023 937, email: szkolenia@gawos.plSylwia Cisowska &#8211; Dzia\u0142 Administracjitel. 660 534 669\u202c, email: administracja@gawos.plMapa dojazdu<\/p>\n","protected":false},"author":1,"featured_media":0,"parent":0,"menu_order":0,"comment_status":"closed","ping_status":"closed","template":"","meta":{"footnotes":""},"class_list":["post-22","page","type-page","status-publish","hentry"],"_links":{"self":[{"href":"https:\/\/gawos.pl\/index.php?rest_route=\/wp\/v2\/pages\/22","targetHints":{"allow":["GET"]}}],"collection":[{"href":"https:\/\/gawos.pl\/index.php?rest_route=\/wp\/v2\/pages"}],"about":[{"href":"https:\/\/gawos.pl\/index.php?rest_route=\/wp\/v2\/types\/page"}],"author":[{"embeddable":true,"href":"https:\/\/gawos.pl\/index.php?rest_route=\/wp\/v2\/users\/1"}],"replies":[{"embeddable":true,"href":"https:\/\/gawos.pl\/index.php?rest_route=%2Fwp%2Fv2%2Fcomments&post=22"}],"version-history":[{"count":11,"href":"https:\/\/gawos.pl\/index.php?rest_route=\/wp\/v2\/pages\/22\/revisions"}],"predecessor-version":[{"id":201,"href":"https:\/\/gawos.pl\/index.php?rest_route=\/wp\/v2\/pages\/22\/revisions\/201"}],"wp:attachment":[{"href":"https:\/\/gawos.pl\/index.php?rest_route=%2Fwp%2Fv2%2Fmedia&parent=22"}],"curies":[{"name":"wp","href":"https:\/\/api.w.org\/{rel}","templated":true}]}}