{"id":19,"date":"2021-05-17T10:57:52","date_gmt":"2021-05-17T08:57:52","guid":{"rendered":"https:\/\/gawos.pl\/autoinstalator\/wordpress\/?page_id=19"},"modified":"2021-05-17T11:30:30","modified_gmt":"2021-05-17T09:30:30","slug":"doradztwo","status":"publish","type":"page","link":"https:\/\/gawos.pl\/?page_id=19","title":{"rendered":"Doradztwo"},"content":{"rendered":"<div class=\"vce-row-container\" data-vce-boxed-width=\"true\"><div class=\"vce-row vce-row--col-gap-30 vce-row-equal-height vce-row-content--top\" id=\"el-0e940cb9\" data-vce-do-apply=\"all el-0e940cb9\"><div class=\"vce-row-content\" data-vce-element-content=\"true\"><div class=\"vce-col vce-col--md-auto vce-col--xs-1 vce-col--xs-last vce-col--xs-first vce-col--sm-last vce-col--sm-first vce-col--md-last vce-col--lg-last vce-col--xl-last vce-col--md-first vce-col--lg-first vce-col--xl-first\" id=\"el-19e8a8fc\"><div class=\"vce-col-inner\" data-vce-do-apply=\"border margin background  el-19e8a8fc\"><div class=\"vce-col-content\" data-vce-element-content=\"true\" data-vce-do-apply=\"padding el-19e8a8fc\"><div class=\"vce-text-block\"><div class=\"vce-text-block-wrapper vce\" id=\"el-327f19cf\" data-vce-do-apply=\"all el-327f19cf\"><h2>Zakres naszych us\u0142ug doradczych obejmuje nast\u0119puj\u0105ce elementy:<\/h2><div class=\"page\" title=\"Page 2\"><div class=\"layoutArea\"><div class=\"column\"><h4>1. Analiza potrzeb firmy i pozyskanie finansowania dotacyjnego<\/h4><div class=\"page\" title=\"Page 2\"><div class=\"layoutArea\"><div class=\"column\"><p>Planujesz realizacje\u0328 nowego innowacyjnego przedsie\u0328wzie\u0328cia? Chcesz rozpocza\u0328c\u0301 dzia\u0142ania dotycza\u0328ce dywersyfikacji dzia\u0142ania czy rozpocza\u0328c\u0301 prowadzenie prac B+R w przedsie\u0328biorstwie? A moz\u0307e chcesz rozbudowac\u0301 swoja\u0328 dzia\u0142alnos\u0301c\u0301 dzie\u0328ki nowej inwestycji?<\/p><ul><li><p>pomoz\u0307emy w ustaleniu potrzeb inwestycyjnych,<\/p><\/li><li><p>pobierzemy optymalne z\u0301ro\u0301d\u0142a wsparcia finansowego,<\/p><\/li><li><p>umoz\u0307liwimy maksymalne wykorzystanie pozyskanego dofinansowania,<\/p><\/li><li><p>poprzez szczego\u0301\u0142owa\u0328 analize\u0328 potrzeb finansowych Twojego przedsie\u0328biorstwa&nbsp;pomoz\u0307emy dobrac\u0301 w\u0142as\u0301ciwy program unijny, zaplanowac\u0301 realizacje\u0328 projektu,&nbsp;przygotowac\u0301 niezbe\u0328dna\u0328 dokumentacje\u0328 do realizacji projektu.<\/p><\/li><\/ul><p>W przypadku podpisania z Nami umowy d\u0142ugoterminowej wspo\u0301\u0142pracy otrzymujesz kompleksowa\u0328 us\u0142uge\u0328 i p\u0142acisz miesie\u0328czne sta\u0142e wynagrodzenie obejmuja\u0328ce wyz\u0307ej wymienione elementy. W ramach takiej umowy tworzymy na biez\u0307a\u0328co potrzebne dokumenty aplikacyjne. Otrzymujesz je zawsze na czas i w dogodnym dla Ciebie terminie \u2013 co zapewnia Ci duz\u0307y komfort przy zachowaniu atrakcyjnej ceny za us\u0142ugi.<\/p><div class=\"page\" title=\"Page 2\"><div class=\"layoutArea\"><div class=\"column\"><h4>2. Przygotowanie projektu unijnego<\/h4><div class=\"page\" title=\"Page 2\"><div class=\"layoutArea\"><div class=\"column\"><p>W ramach wspo\u0301\u0142pracy przygotowujemy kompletn\u0105 dokumentacje\u0328 aplikacyjna\u0328, czyli tzw. wniosek o dofinansowanie. Przygotowana dokumentacja spe\u0142nia wymogi formalne, jak i merytoryczne danego projektu. W ramach opracowania wniosku pomagamy ro\u0301wniez\u0307 w skompletowaniu niezbe\u0328dnej dokumentacji oraz pozyskaniu potrzebnych za\u0142a\u0328czniko\u0301w do wniosku o dofinansowanie projektu.<\/p><div class=\"page\" title=\"Page 3\"><div class=\"layoutArea\"><div class=\"column\"><h4>3. Realizacja, nadz\u00f3r i rozliczanie projektu<\/h4><div class=\"page\" title=\"Page 3\"><div class=\"layoutArea\"><div class=\"column\"><p>Pomagamy nie tylko w przygotowaniu wniosku o dofinansowanie. W ramach wspo\u0301\u0142pracy oferujemy:<\/p><ul><li>pe\u0142ne doradztwo przy realizacji projektu,<\/li><li>kontroling i koordynacja dzia\u0142an\u0301 czyli zarza\u0328dzanie projektem,<\/li><li>opracowywanie potrzebnej dokumentacji w czasie trwania projektu,<\/li><li>opracowanie i przygotowanie harmonogramo\u0301w p\u0142atnos\u0301ci, wniosko\u0301w o p\u0142atnos\u0301c\u0301, sprawozdan\u0301 z realizacji projektu,<\/li><li>nadzo\u0301r i pomoc w opracowaniu okresowych sprawozdan\u0301 finansowych i merytorycznych.<\/li><\/ul><div class=\"page\" title=\"Page 3\"><div class=\"layoutArea\"><div class=\"column\">&nbsp;<\/div><\/div><\/div><div class=\"page\" title=\"Page 3\"><div class=\"layoutArea\"><div class=\"column\">&nbsp;<\/div><\/div><\/div><\/div><\/div><\/div><\/div><\/div><\/div><\/div><\/div><\/div><\/div><\/div><\/div><\/div><\/div><\/div><\/div><\/div><\/div><\/div><\/div><\/div><\/div><\/div><\/div><\/div><\/div>\n","protected":false},"excerpt":{"rendered":"<p>Zakres naszych us\u0142ug doradczych obejmuje nast\u0119puj\u0105ce elementy:1. Analiza potrzeb firmy i pozyskanie finansowania dotacyjnegoPlanujesz realizacje\u0328 nowego innowacyjnego przedsie\u0328wzie\u0328cia? Chcesz rozpocza\u0328c\u0301 dzia\u0142ania dotycza\u0328ce dywersyfikacji dzia\u0142ania czy rozpocza\u0328c\u0301 prowadzenie prac B+R w przedsie\u0328biorstwie? A moz\u0307e chcesz rozbudowac\u0301 swoja\u0328 dzia\u0142alnos\u0301c\u0301 dzie\u0328ki nowej inwestycji?pomoz\u0307emy w ustaleniu potrzeb inwestycyjnych,pobierzemy optymalne z\u0301ro\u0301d\u0142a wsparcia finansowego,umoz\u0307liwimy maksymalne wykorzystanie pozyskanego dofinansowania,poprzez szczego\u0301\u0142owa\u0328 analize\u0328 potrzeb [&hellip;]<\/p>\n","protected":false},"author":1,"featured_media":0,"parent":0,"menu_order":0,"comment_status":"closed","ping_status":"closed","template":"","meta":{"footnotes":""},"class_list":["post-19","page","type-page","status-publish","hentry"],"_links":{"self":[{"href":"https:\/\/gawos.pl\/index.php?rest_route=\/wp\/v2\/pages\/19","targetHints":{"allow":["GET"]}}],"collection":[{"href":"https:\/\/gawos.pl\/index.php?rest_route=\/wp\/v2\/pages"}],"about":[{"href":"https:\/\/gawos.pl\/index.php?rest_route=\/wp\/v2\/types\/page"}],"author":[{"embeddable":true,"href":"https:\/\/gawos.pl\/index.php?rest_route=\/wp\/v2\/users\/1"}],"replies":[{"embeddable":true,"href":"https:\/\/gawos.pl\/index.php?rest_route=%2Fwp%2Fv2%2Fcomments&post=19"}],"version-history":[{"count":2,"href":"https:\/\/gawos.pl\/index.php?rest_route=\/wp\/v2\/pages\/19\/revisions"}],"predecessor-version":[{"id":43,"href":"https:\/\/gawos.pl\/index.php?rest_route=\/wp\/v2\/pages\/19\/revisions\/43"}],"wp:attachment":[{"href":"https:\/\/gawos.pl\/index.php?rest_route=%2Fwp%2Fv2%2Fmedia&parent=19"}],"curies":[{"name":"wp","href":"https:\/\/api.w.org\/{rel}","templated":true}]}}