{"id":18,"date":"2021-05-17T10:57:52","date_gmt":"2021-05-17T08:57:52","guid":{"rendered":"https:\/\/gawos.pl\/autoinstalator\/wordpress\/?page_id=18"},"modified":"2023-07-06T07:55:26","modified_gmt":"2023-07-06T05:55:26","slug":"szkolenia","status":"publish","type":"page","link":"https:\/\/gawos.pl\/?page_id=18","title":{"rendered":"Szkolenia"},"content":{"rendered":"<div class=\"vce-row-container\" data-vce-boxed-width=\"true\"><div class=\"vce-row vce-row--col-gap-30 vce-row-equal-height vce-row-content--top\" id=\"el-0c793347\" data-vce-do-apply=\"all el-0c793347\"><div class=\"vce-row-content\" data-vce-element-content=\"true\"><div class=\"vce-col vce-col--md-auto vce-col--xs-1 vce-col--xs-last vce-col--xs-first vce-col--sm-last vce-col--sm-first vce-col--md-last vce-col--lg-last vce-col--xl-last vce-col--md-first vce-col--lg-first vce-col--xl-first\" id=\"el-18498340\"><div class=\"vce-col-inner\" data-vce-do-apply=\"border margin background  el-18498340\"><div class=\"vce-col-content\" data-vce-element-content=\"true\" data-vce-do-apply=\"padding el-18498340\"><div class=\"vce-text-block\"><div class=\"vce-text-block-wrapper vce\" id=\"el-44dfbbe2\" data-vce-do-apply=\"all el-44dfbbe2\"><h2>Oferujemy Pa\u0144stwu szkolenia i kursy z nast\u0119puj\u0105cych dziedzin:<\/h2><ul><li>G\u00f3rnictwo<\/li><li>BHP<\/li><li>Finanse<\/li><li>Prawo<\/li><li>Marketing<\/li><li>Inne szkolenia techniczne i specjalistyczne<\/li><\/ul><p>Zaj\u0119cia organizowane s\u0105 w miejscu wskazanym przez klienta lub w siedzibie firmy w Katowicach. Mo\u017cliwe jest zorganizowanie szkolenia w o\u015brodkach szkoleniowych.<\/p><\/div><\/div><\/div><\/div><\/div><\/div><\/div><\/div><div class=\"vce-row-container\" data-vce-boxed-width=\"true\"><div class=\"vce-row vce-row--col-gap-30 vce-row-equal-height vce-row-content--top\" id=\"el-e9cb37d5\" data-vce-do-apply=\"all el-e9cb37d5\"><div class=\"vce-row-content\" data-vce-element-content=\"true\"><div class=\"vce-col vce-col--md-auto vce-col--xs-1 vce-col--xs-last vce-col--xs-first vce-col--sm-last vce-col--sm-first vce-col--md-last vce-col--lg-last vce-col--xl-last vce-col--md-first vce-col--lg-first vce-col--xl-first\" id=\"el-ee4ddebd\"><div class=\"vce-col-inner\" data-vce-do-apply=\"border margin background  el-ee4ddebd\"><div class=\"vce-col-content\" data-vce-element-content=\"true\" data-vce-do-apply=\"padding el-ee4ddebd\"><div class=\"vce-text-block\"><div class=\"vce-text-block-wrapper vce\" id=\"el-fd83b9d8\" data-vce-do-apply=\"all el-fd83b9d8\"><h2>Lista szkole\u0144 na 2023 r.<\/h2><\/div><\/div><\/div><\/div><\/div><\/div><\/div><\/div><div class=\"vce-row-container\" data-vce-boxed-width=\"true\"><div class=\"vce-row vce-row--col-gap-30 vce-row-equal-height vce-row-content--top\" id=\"el-7c5174b2\" data-vce-do-apply=\"all el-7c5174b2\"><div class=\"vce-row-content\" data-vce-element-content=\"true\"><div class=\"vce-col vce-col--md-auto vce-col--xs-1 vce-col--xs-last vce-col--xs-first vce-col--sm-last vce-col--sm-first vce-col--md-last vce-col--lg-last vce-col--xl-last vce-col--md-first vce-col--lg-first vce-col--xl-first\" id=\"el-e9add699\"><div class=\"vce-col-inner\" data-vce-do-apply=\"border margin background  el-e9add699\"><div class=\"vce-col-content\" data-vce-element-content=\"true\" data-vce-do-apply=\"padding el-e9add699\"><div class=\"vce-shortcode\"><div class=\"vce-shortcode-wrapper vce\" id=\"el-fb367dd9\" data-vce-do-apply=\"all el-fb367dd9\">\n<table id=\"tablepress-1\" class=\"tablepress tablepress-id-1\">\n<thead>\n<tr class=\"row-1\">\n\t<th class=\"column-1\">Nazwa szkolenia<\/th><th class=\"column-2\">Przeznaczenie<\/th><th class=\"column-3\">Liczba dni<\/th>\n<\/tr>\n<\/thead>\n<tbody class=\"row-striping row-hover\">\n<tr class=\"row-2\">\n\t<td class=\"column-1\">Kurs dla kierownictwa i dozoru ruchu zak\u0142adu g\u00f3rniczego,  kt\u00f3rych zakres czynno\u015bci obejmuje sprawy dotycz\u0105ce: przewietrzania i zwalczania zagro\u017ce\u0144 wybuchem py\u0142u w\u0119glowego, po\u017carowego, metanowego, wyrzutami gaz\u00f3w i ska\u0142, t\u0105paniami. -<br \/>\nKurs dla os\u00f3b dozoru ruchu specjalno\u015bci elektrycznej, teletechnicznej i automatyki, dyspozytor\u00f3w gazometrii, dyspozytor\u00f3w obserwator\u00f3w t\u0105pa\u0144.<\/td><td class=\"column-2\">Osoby dozoru i kierownictwa kopalni, powtarzane co 5 lat.<br \/>\n<strong>Program zatwierdzony w drodze Decyzji Organu Nadzoru G\u00f3rniczego.<\/strong><\/td><td class=\"column-3\">2<\/td>\n<\/tr>\n<tr class=\"row-3\">\n\t<td class=\"column-1\">Kurs dla kierownictwa i dozoru ruchu zak\u0142adu g\u00f3rniczego,  kt\u00f3rych zakres czynno\u015bci obejmuje sprawy dotycz\u0105ce: przewietrzania i zwalczania zagro\u017ce\u0144 wybuchem py\u0142u w\u0119glowego, po\u017carowego, metanowego, wyrzutami gaz\u00f3w i ska\u0142, t\u0105paniami.<\/td><td class=\"column-2\">Osoby dozoru i kierownictwa kopalni, powtarzane co 5 lat.<br \/>\n<strong>Program zatwierdzony w drodze Decyzji Organu Nadzoru G\u00f3rniczego.<\/strong><\/td><td class=\"column-3\">2<\/td>\n<\/tr>\n<tr class=\"row-4\">\n\t<td class=\"column-1\">Kurs specjalistyczny rewidenta urz\u0105dze\u0144 system\u00f3w \u0142\u0105czno\u015bci, alarmowania i bezpiecze\u0144stwa <br \/>\nw podziemnych zak\u0142adach g\u00f3rniczych<\/td><td class=\"column-2\">Konserwatorzy urz\u0105dze\u0144 i system \u0142\u0105czno\u015bci i gazometrii, powtarzane co 5 lat.<br \/>\n<strong>Program zatwierdzony w drodze Decyzji Organu Nadzoru G\u00f3rniczego.<\/strong><\/td><td class=\"column-3\">5<\/td>\n<\/tr>\n<tr class=\"row-5\">\n\t<td class=\"column-1\">Zabezpieczenie gazometryczne kopal\u0144 \u2013 obs\u0142uga i konserwacja urz\u0105dze\u0144.<\/td><td class=\"column-2\">Konserwatorzy do\u0142owi<\/td><td class=\"column-3\">5<\/td>\n<\/tr>\n<tr class=\"row-6\">\n\t<td class=\"column-1\">Zabezpieczenie gazometryczne kopal\u0144 \u2013 dla os\u00f3b kontroluj\u0105cych.<\/td><td class=\"column-2\">Pracownicy zatrudnieni przy obs\u0142udze <br \/>\ni kontroli systemu<br \/>\n<\/td><td class=\"column-3\">5<\/td>\n<\/tr>\n<tr class=\"row-7\">\n\t<td class=\"column-1\">Dyspozytor gazometrii w zak\u0142adach g\u00f3rniczych eksploatuj\u0105cych w II, III, IV kat. Zagro\u017cenia metanowego.<\/td><td class=\"column-2\">Dyspozytorzy gazometrii i osoby mog\u0105ce pe\u0142ni\u0107 funkcj\u0119 dyspozytora.<br \/>\n<strong>Program zatwierdzony w drodze Decyzji Organu Nadzoru G\u00f3rniczego.<\/strong><\/td><td class=\"column-3\">5<\/td>\n<\/tr>\n<tr class=\"row-8\">\n\t<td class=\"column-1\">Obowi\u0105zki dyspozytora-obserwatora t\u0105pa\u0144 w Stacji Geofizyki G\u00f3rniczej<\/td><td class=\"column-2\">Osoby pe\u0142ni\u0105ce funkcje dyspozytora-obserwatora t\u0105pa\u0144 w stacji geofizyki g\u00f3rniczej<\/td><td class=\"column-3\">2<\/td>\n<\/tr>\n<tr class=\"row-9\">\n\t<td class=\"column-1\">Obs\u0142uga, konserwacja i przegl\u0105dy urz\u0105dze\u0144 system\u00f3w sejsmologicznych.<\/td><td class=\"column-2\">Pracownicy zatrudnieni przy obs\u0142udze <br \/>\ni serwisie<\/td><td class=\"column-3\">2<\/td>\n<\/tr>\n<tr class=\"row-10\">\n\t<td class=\"column-1\">Obs\u0142uga system\u00f3w monitorowania parametr\u00f3w \u015brodowiska w kopalni typu SMP-NT\/xx. Obs\u0142uga cz\u0119\u015bci powierzchniowej.<\/td><td class=\"column-2\">Pracownicy zatrudnieni przy obs\u0142udze (dyspozytorzy i konserwatorzy powierzchniowi)<\/td><td class=\"column-3\">3<\/td>\n<\/tr>\n<tr class=\"row-11\">\n\t<td class=\"column-1\">Obs\u0142uga i konserwacja urz\u0105dze\u0144 do\u0142owych systemu kontroli parametr\u00f3w atmosfery SMP-NT\/xx<\/td><td class=\"column-2\">Konserwatorzy urz\u0105dze\u0144 do\u0142owych metanometrii<\/td><td class=\"column-3\">2<\/td>\n<\/tr>\n<tr class=\"row-12\">\n\t<td class=\"column-1\">Szkolenie i \u0107wiczenia praktyczne dla Dyspozytor\u00f3w kopal\u0144, Kierownik\u00f3w Akcji, Bazy oraz Sztabu Akcji zgodnie z zaleceniem Komisji WUG (wraz z symulacj\u0105 akcji).<\/td><td class=\"column-2\">Osoby kierownictwa kopalni, dyspozytorzy i osoby dozoru mog\u0105ce pe\u0142ni\u0107 funkcj\u0119 dyspozytora.<br \/>\n<strong>Program zatwierdzony w drodze Decyzji Organu Nadzoru G\u00f3rniczego.<\/strong><\/td><td class=\"column-3\">1<\/td>\n<\/tr>\n<tr class=\"row-13\">\n\t<td class=\"column-1\">Kurs specjalistyczny dla:<br \/>\nDozoru ruchu elektrycznego w zakresie budowy, eksploatacji, konserwacji i naprawy urz\u0105dze\u0144 elektrycznych budowy przeciwwybuchowej;<br \/>\n<br \/>\n<br \/>\nDla elektromonter\u00f3w maszyn i urz\u0105dze\u0144 elektrycznych o napi\u0119ciu do 1 kV i powy\u017cej 1 kV pod ziemi\u0105 w zakresie budowy, eksploatacji, konserwacji i naprawy urz\u0105dze\u0144 budowy przeciwwybuchowej.<\/td><td class=\"column-2\">Osoby dozoru ruchu elektrycznego<br \/>\n<strong>Program zatwierdzony w drodze Decyzji Organu Nadzoru G\u00f3rniczego.<\/strong><br \/>\nElektromonterzy<br \/>\n<strong>Program zatwierdzony w drodze Decyzji Organu Nadzoru G\u00f3rniczego.<\/strong><\/td><td class=\"column-3\">3<br \/>\n<br \/>\n<br \/>\n<br \/>\n<br \/>\n<br \/>\n3<\/td>\n<\/tr>\n<tr class=\"row-14\">\n\t<td class=\"column-1\">Kurs dla os\u00f3b kontroluj\u0105cych przyrz\u0105dy i urz\u0105dzenia s\u0142u\u017c\u0105ce do pomiar\u00f3w atmosfery kopalnianej.<\/td><td class=\"column-2\">Pracownicy dzia\u0142u wentylacji, osoby kontroluj\u0105ce przyrz\u0105dy i urz\u0105dzenia do pomiar\u00f3w atmosfery kopalnianej<\/td><td class=\"column-3\">2<\/td>\n<\/tr>\n<tr class=\"row-15\">\n\t<td class=\"column-1\">Obs\u0142uga system\u00f3w \u0142\u0105czno\u015bci telefonicznej i alarmowo \u2013 rozg\u0142oszeniowej STAR i SAT<\/td><td class=\"column-2\">Konserwatorzy urz\u0105dze\u0144 \u0142\u0105czno\u015bci (cz\u0119\u015b\u0107 do\u0142owa i powierzchniowa)<\/td><td class=\"column-3\">2<\/td>\n<\/tr>\n<tr class=\"row-16\">\n\t<td class=\"column-1\">Funkcje system\u00f3w monitorowania parametr\u00f3w bezpiecze\u0144stwa oraz system\u00f3w \u0142\u0105czno\u015bci alarmowo \u2013 rozg\u0142oszeniowej. Podstawy.<\/td><td class=\"column-2\">Pracownicy z dzia\u0142\u00f3w: rob\u00f3t g\u00f3rniczych, t\u0105pa\u0144, wentylacji, energomechanicznego<\/td><td class=\"column-3\">3<\/td>\n<\/tr>\n<tr class=\"row-17\">\n\t<td class=\"column-1\">System dyspozytorski THOR: -   Obs\u0142uga aplikacji dyspozytorskich<\/td><td class=\"column-2\">Pracownicy zatrudnieni przy obs\u0142udze, konserwatorzy i doz\u00f3r<\/td><td class=\"column-3\">3<\/td>\n<\/tr>\n<tr class=\"row-18\">\n\t<td class=\"column-1\">System dyspozytorski THOR : -   Obs\u0142uga i utrzymanie systemu<\/td><td class=\"column-2\">Pracownicy zatrudnieni przy obs\u0142udze, konserwatorzy i doz\u00f3r<\/td><td class=\"column-3\">4<\/td>\n<\/tr>\n<tr class=\"row-19\">\n\t<td class=\"column-1\">Kurs konserwator\u00f3w system\u00f3w dyspozytora ruchu<\/td><td class=\"column-2\">Pracownicy zatrudnieni przy obs\u0142udze, konserwatorzy i doz\u00f3r<\/td><td class=\"column-3\">3<\/td>\n<\/tr>\n<tr class=\"row-20\">\n\t<td class=\"column-1\">Kurs dla kierownictwa i dozoru ruchu zak\u0142adu g\u00f3rniczego, kt\u00f3rych zakres czynno\u015bci obejmuje sprawy dotycz\u0105ce: przewietrzania i zwalczania zagro\u017ce\u0144 wybuchem py\u0142u w\u0119glowego, po\u017carowego, metanowego, wyrzutami gaz\u00f3w i ska\u0142, t\u0105paniami.<br \/>\n<strong>Kurs dla os\u00f3b dozoru s\u0142u\u017cby do spraw t\u0105pa\u0144 kopalnianej stacji geofizyki g\u00f3rniczej, dyspozytor\u00f3w - obserwator\u00f3w t\u0105pa\u0144.<\/strong><\/td><td class=\"column-2\">Osoby dozoru i kierownictwa kopalni, powtarzane co 5 lat.<br \/>\n<strong>Program zatwierdzony w drodze Decyzji Organu Nadzoru G\u00f3rniczego<\/strong><\/td><td class=\"column-3\">3<\/td>\n<\/tr>\n<tr class=\"row-21\">\n\t<td class=\"column-1\">Szkolenie s\u0142u\u017cb dyspozytorskich w zakresie obs\u0142ugi og\u00f3lnozak\u0142adowej \u0142\u0105czno\u015bci telefonicznej HETMAN\/T oraz aparatu po\u017carowego oraz w zakresie obs\u0142ugi systemu alarmowania HETMAN\/A lub HETMAN\/Z<\/td><td class=\"column-2\">Pracownicy dyspozytorni, konserwatorzy \u0142\u0105czno\u015bci, osoby dozoru ruchu.<\/td><td class=\"column-3\">1<\/td>\n<\/tr>\n<tr class=\"row-22\">\n\t<td class=\"column-1\">Szkolenie telefonistek w zakresie obs\u0142ugi \u0142\u0105czno\u015bci telefonicznej HETMAN\/T (centrale DGT) oraz obs\u0142uga wywo\u0142a\u0144 na has\u0142a \u201epo\u017car, awaria, ratunek\u201d<\/td><td class=\"column-2\">Obs\u0142uga awiz oraz osoby dozoru ruchu teletechnicznego<\/td><td class=\"column-3\">1<\/td>\n<\/tr>\n<tr class=\"row-23\">\n\t<td class=\"column-1\">Szkolenie s\u0142u\u017cb teletechnicznych w zakresie obs\u0142ugi og\u00f3lnozak\u0142adowego systemu \u0142\u0105czno\u015bci telefonicznej HETMAN\/T  i\/lub systemu alarmowania HETMAN\/A lub HETMAN\/Z stopie\u0144 1 podstawowy <\/td><td class=\"column-2\">Pracownicy obs\u0142ugi (konserwatorzy) oraz osoby dozoru ruchu teletechnicznego<\/td><td class=\"column-3\">1<\/td>\n<\/tr>\n<tr class=\"row-24\">\n\t<td class=\"column-1\">Szkolenie s\u0142u\u017cb teletechnicznych w zakresie obs\u0142ugi og\u00f3lnozak\u0142adowego systemu \u0142\u0105czno\u015bci telefonicznej HETMAN\/T  i\/lub systemu alarmowania HETMAN\/A lub HETMAN\/Z \u2013 stopie\u0144 2 zaawansowany<\/td><td class=\"column-2\">Pracownicy obs\u0142ugi (konserwatorzy) oraz osoby dozoru ruchu teletechnicznego<\/td><td class=\"column-3\">2<\/td>\n<\/tr>\n<tr class=\"row-25\">\n\t<td class=\"column-1\">Kurs specjalistyczny rewidenta urz\u0105dze\u0144 system\u00f3w \u0142\u0105czno\u015bci, alarmowania i bezpiecze\u0144stwa w podziemnych zak\u0142adach g\u00f3rniczych <strong>w zakresie urz\u0105dze\u0144 system\u00f3w monitorowania zagro\u017cenia t\u0105paniami.<\/strong><\/td><td class=\"column-2\">Konserwatorzy urz\u0105dze\u0144 i system \u0142\u0105czno\u015bci i gazometrii, powtarzane co 5 lat.<br \/>\n<strong>Program zatwierdzony w drodze Decyzji Organu Nadzoru G\u00f3rniczego.<\/strong><\/td><td class=\"column-3\">3<\/td>\n<\/tr>\n<\/tbody>\n<\/table>\n<!-- #tablepress-1 from cache --><\/div><\/div><div class=\"vce-text-block\"><div class=\"vce-text-block-wrapper vce\" id=\"el-41ee7c16\" data-vce-do-apply=\"all el-41ee7c16\"><h2>Do pobrania<\/h2><ol><li><a href=\"https:\/\/gawos.pl\/wp-content\/uploads\/2023\/07\/Oferta-szkolen-2023-styczen-bez-cen.pdf\" target=\"_blank\" rel=\"noopener\">Lista szkole\u0144 GAWOS w 2023 r.<\/a><\/li><\/ol><\/div><\/div><\/div><\/div><\/div><\/div><\/div><\/div>\n","protected":false},"excerpt":{"rendered":"<p>Oferujemy Pa\u0144stwu szkolenia i kursy z nast\u0119puj\u0105cych dziedzin:G\u00f3rnictwoBHPFinansePrawoMarketingInne szkolenia techniczne i specjalistyczneZaj\u0119cia organizowane s\u0105 w miejscu wskazanym przez klienta lub w siedzibie firmy w Katowicach. Mo\u017cliwe jest zorganizowanie szkolenia w o\u015brodkach szkoleniowych.Lista szkole\u0144 na 2023 r.Do pobraniaLista szkole\u0144 GAWOS w 2023 r.<\/p>\n","protected":false},"author":1,"featured_media":0,"parent":0,"menu_order":0,"comment_status":"closed","ping_status":"closed","template":"","meta":{"footnotes":""},"class_list":["post-18","page","type-page","status-publish","hentry"],"_links":{"self":[{"href":"https:\/\/gawos.pl\/index.php?rest_route=\/wp\/v2\/pages\/18","targetHints":{"allow":["GET"]}}],"collection":[{"href":"https:\/\/gawos.pl\/index.php?rest_route=\/wp\/v2\/pages"}],"about":[{"href":"https:\/\/gawos.pl\/index.php?rest_route=\/wp\/v2\/types\/page"}],"author":[{"embeddable":true,"href":"https:\/\/gawos.pl\/index.php?rest_route=\/wp\/v2\/users\/1"}],"replies":[{"embeddable":true,"href":"https:\/\/gawos.pl\/index.php?rest_route=%2Fwp%2Fv2%2Fcomments&post=18"}],"version-history":[{"count":9,"href":"https:\/\/gawos.pl\/index.php?rest_route=\/wp\/v2\/pages\/18\/revisions"}],"predecessor-version":[{"id":154,"href":"https:\/\/gawos.pl\/index.php?rest_route=\/wp\/v2\/pages\/18\/revisions\/154"}],"wp:attachment":[{"href":"https:\/\/gawos.pl\/index.php?rest_route=%2Fwp%2Fv2%2Fmedia&parent=18"}],"curies":[{"name":"wp","href":"https:\/\/api.w.org\/{rel}","templated":true}]}}